{"id":498,"date":"2025-08-20T15:15:30","date_gmt":"2025-08-20T15:15:30","guid":{"rendered":"https:\/\/tenerife-it.es\/privacy-policy\/"},"modified":"2025-08-25T12:28:45","modified_gmt":"2025-08-25T12:28:45","slug":"privacy-policy","status":"publish","type":"page","link":"https:\/\/tenerife-it.com\/en\/privacy-policy\/","title":{"rendered":"Privacy Policy"},"content":{"rendered":"<div class=\"et_pb_section_0 et_pb_section et_section_regular et_flex_section\">\n<div class=\"et_pb_row_0 et_pb_row et_flex_row\">\n<div class=\"et_pb_column_0 et_pb_column et-last-child et_flex_column et_pb_css_mix_blend_mode_passthrough et_flex_column_24_24 et_flex_column_24_24_tablet et_flex_column_24_24_phone\">\n<div class=\"et_pb_text_0 et_pb_text et_pb_bg_layout_light et_pb_module et_flex_module\"><div class=\"et_pb_text_inner\"><h1><span class=\"fontstyle0\">Pol\u00edtica de Privacidad<\/span><\/h1>\n<h3><span class=\"fontstyle3\">Finalidad del tratamiento<\/span><\/h3>\n<p><span class=\"fontstyle3\">HOLGER GRAU <\/span><span class=\"fontstyle4\">, con CIF: X8426473D informa al Usuario de que es titular de ficheros de datos de car\u00e1cter<br \/>\npersonal en los que sus datos quedan incorporados y son tratados con el fin de prestarle los servicios<br \/>\nsolicitados y enviarle la informaci\u00f3n acerca de nuestra empresa que pueda ser de su inter\u00e9s.<\/span><\/p>\n<h3><span class=\"fontstyle3\">Legitimaci\u00f3n del Tratamiento<\/span><\/h3>\n<p><span class=\"fontstyle4\">El tratamiento est\u00e1 basado en el consentimiento que se le solicita.<\/span><\/p>\n<h3><span class=\"fontstyle3\">Plazo de Conservaci\u00f3n<\/span><\/h3>\n<p><span class=\"fontstyle4\">Los datos proporcionados se conservar\u00e1n hasta que el interesado no solicite la supresi\u00f3n de sus datos.<br \/>\nUna vez comunicado por parte del interesado la supresi\u00f3n de sus datos, se proceder\u00e1 a su bloqueo y posterior<br \/>\ncancelaci\u00f3n en nuestros ficheros o devoluci\u00f3n al titular de los datos, seg\u00fan el caso, de los soportes en los que<br \/>\nse recoja la informaci\u00f3n con datos personales facilitada, sin que se admita la conservaci\u00f3n de copias de dicha<br \/>\ninformaci\u00f3n.<\/span><\/p>\n<h3><span class=\"fontstyle3\">Comunicaci\u00f3n de las datos a terceros<\/span><\/h3>\n<p><span class=\"fontstyle4\">Sus datos \u00fanicamente ser\u00e1n utilizados para los fines antes se\u00f1alados y no ser\u00e1n cedidos a terceras personas,<br \/>\nsalvo aquellas comunicaciones a las Autoridades, Organismos u Oficinas de las Administraciones p\u00fablicas que<br \/>\nfueran consentidas por el interesado o persona por \u00e9l autorizada para el adecuado cumplimiento de las<br \/>\nobligaciones nacidas de los servicios prestados, o que resultaren preceptivas o autorizadas por Ley.<\/span><\/p>\n<h3><span class=\"fontstyle3\">Deber de Confidencialidad<\/span><\/h3>\n<p><span class=\"fontstyle3\">HOLGER GRAU <\/span><span class=\"fontstyle4\">garantiza la confidencialidad de los datos personales que obren en sus ficheros y adoptar\u00e1 las<br \/>\nmedidas reglamentarias que eviten, en la medida de lo posible, su alteraci\u00f3n, p\u00e9rdida, tratamiento o acceso<br \/>\nno autorizado.<\/span><\/p>\n<h3><span class=\"fontstyle3\">Ejercicio de Derechos<\/span><\/h3>\n<p><span class=\"fontstyle4\">Usted tiene derecho a acceder a sus datos personales, rectificar los datos inexactos o solicitar su supresi\u00f3n<br \/>\ncuando los datos ya no sean necesarios.<\/span><\/p>\n<p><span class=\"fontstyle4\">En determinadas ocasiones los interesados podr\u00e1n solicitar la limitaci\u00f3n del tratamiento de sus datos, en cuyo<br \/>\ncaso \u00fanicamente los conservaremos para el ejercicio o la defensa de reclamaciones.<\/span><\/p>\n<p><span class=\"fontstyle4\">Los interesados, en determinadas circunstancias, podr\u00e1n oponerse al tratamiento de sus datos. Y en  <\/span><span class=\"fontstyle3\">HOLGER<br \/>\nGRAU <\/span><span class=\"fontstyle4\">dejar\u00e1 de tratar los datos, salvo por motivos leg\u00edtimos o el ejercicio o la defensa de posibles<br \/>\nreclamaciones.<\/span><\/p>\n<p><span class=\"fontstyle4\">Puede ejercitar sus derechos al correo electr\u00f3nico info@tenerife-it.com<br \/>\nTambi\u00e9n tiene derecho a retirar su consentimiento al tratamiento de sus datos personales en cualquier<br \/>\nmomento y a presentar una reclamaci\u00f3n ante la Agencia Espa\u00f1ola de Protecci\u00f3n de Datos.<\/span><\/p>\n<\/div><\/div>\n<\/div>\n<\/div>\n<\/div>","protected":false},"excerpt":{"rendered":"","protected":false},"author":1,"featured_media":0,"parent":0,"menu_order":0,"comment_status":"closed","ping_status":"closed","template":"","meta":{"footnotes":""},"class_list":["post-498","page","type-page","status-publish","hentry"],"yoast_head":"<!-- This site is optimized with the Yoast SEO plugin v27.5 - https:\/\/yoast.com\/product\/yoast-seo-wordpress\/ -->\n<title>Privacy Policy - Tenerife IT - Simplifying Technology<\/title>\n<meta name=\"robots\" content=\"index, follow, max-snippet:-1, max-image-preview:large, max-video-preview:-1\" \/>\n<link rel=\"canonical\" href=\"https:\/\/tenerife-it.com\/en\/privacy-policy\/\" \/>\n<meta property=\"og:locale\" content=\"en_US\" \/>\n<meta property=\"og:type\" content=\"article\" \/>\n<meta property=\"og:title\" content=\"Privacy Policy - Tenerife IT - Simplifying Technology\" \/>\n<meta property=\"og:url\" content=\"https:\/\/tenerife-it.com\/en\/privacy-policy\/\" \/>\n<meta property=\"og:site_name\" content=\"Tenerife IT - Simplifying Technology\" \/>\n<meta property=\"article:publisher\" content=\"https:\/\/www.facebook.com\/Tenerifeit\" \/>\n<meta property=\"article:modified_time\" content=\"2025-08-25T12:28:45+00:00\" \/>\n<meta name=\"twitter:card\" content=\"summary_large_image\" \/>\n<script type=\"application\/ld+json\" class=\"yoast-schema-graph\">{\"@context\":\"https:\\\/\\\/schema.org\",\"@graph\":[{\"@type\":\"WebPage\",\"@id\":\"https:\\\/\\\/tenerife-it.com\\\/en\\\/privacy-policy\\\/\",\"url\":\"https:\\\/\\\/tenerife-it.com\\\/en\\\/privacy-policy\\\/\",\"name\":\"Privacy Policy - Tenerife IT - Simplifying Technology\",\"isPartOf\":{\"@id\":\"https:\\\/\\\/tenerife-it.com\\\/en\\\/#website\"},\"datePublished\":\"2025-08-20T15:15:30+00:00\",\"dateModified\":\"2025-08-25T12:28:45+00:00\",\"breadcrumb\":{\"@id\":\"https:\\\/\\\/tenerife-it.com\\\/en\\\/privacy-policy\\\/#breadcrumb\"},\"inLanguage\":\"en-US\",\"potentialAction\":[{\"@type\":\"ReadAction\",\"target\":[\"https:\\\/\\\/tenerife-it.com\\\/en\\\/privacy-policy\\\/\"]}]},{\"@type\":\"BreadcrumbList\",\"@id\":\"https:\\\/\\\/tenerife-it.com\\\/en\\\/privacy-policy\\\/#breadcrumb\",\"itemListElement\":[{\"@type\":\"ListItem\",\"position\":1,\"name\":\"Startseite\",\"item\":\"https:\\\/\\\/tenerife-it.com\\\/en\\\/\"},{\"@type\":\"ListItem\",\"position\":2,\"name\":\"Privacy Policy\"}]},{\"@type\":\"WebSite\",\"@id\":\"https:\\\/\\\/tenerife-it.com\\\/en\\\/#website\",\"url\":\"https:\\\/\\\/tenerife-it.com\\\/en\\\/\",\"name\":\"Tenerife IT - Simplifying Technology\",\"description\":\"IT Dienstleistungen auf Teneriffa und Weltweit\",\"publisher\":{\"@id\":\"https:\\\/\\\/tenerife-it.com\\\/en\\\/#organization\"},\"potentialAction\":[{\"@type\":\"SearchAction\",\"target\":{\"@type\":\"EntryPoint\",\"urlTemplate\":\"https:\\\/\\\/tenerife-it.com\\\/en\\\/?s={search_term_string}\"},\"query-input\":{\"@type\":\"PropertyValueSpecification\",\"valueRequired\":true,\"valueName\":\"search_term_string\"}}],\"inLanguage\":\"en-US\"},{\"@type\":\"Organization\",\"@id\":\"https:\\\/\\\/tenerife-it.com\\\/en\\\/#organization\",\"name\":\"Tenerife IT - Simplifying Technology\",\"url\":\"https:\\\/\\\/tenerife-it.com\\\/en\\\/\",\"logo\":{\"@type\":\"ImageObject\",\"inLanguage\":\"en-US\",\"@id\":\"https:\\\/\\\/tenerife-it.com\\\/en\\\/#\\\/schema\\\/logo\\\/image\\\/\",\"url\":\"https:\\\/\\\/tenerife-it.com\\\/wp-content\\\/uploads\\\/2025\\\/08\\\/tenerife-it-simplifying-technology.png\",\"contentUrl\":\"https:\\\/\\\/tenerife-it.com\\\/wp-content\\\/uploads\\\/2025\\\/08\\\/tenerife-it-simplifying-technology.png\",\"width\":350,\"height\":77,\"caption\":\"Tenerife IT - Simplifying Technology\"},\"image\":{\"@id\":\"https:\\\/\\\/tenerife-it.com\\\/en\\\/#\\\/schema\\\/logo\\\/image\\\/\"},\"sameAs\":[\"https:\\\/\\\/www.facebook.com\\\/Tenerifeit\"]}]}<\/script>\n<!-- \/ Yoast SEO plugin. -->","yoast_head_json":{"title":"Privacy Policy - Tenerife IT - Simplifying Technology","robots":{"index":"index","follow":"follow","max-snippet":"max-snippet:-1","max-image-preview":"max-image-preview:large","max-video-preview":"max-video-preview:-1"},"canonical":"https:\/\/tenerife-it.com\/en\/privacy-policy\/","og_locale":"en_US","og_type":"article","og_title":"Privacy Policy - Tenerife IT - Simplifying Technology","og_url":"https:\/\/tenerife-it.com\/en\/privacy-policy\/","og_site_name":"Tenerife IT - Simplifying Technology","article_publisher":"https:\/\/www.facebook.com\/Tenerifeit","article_modified_time":"2025-08-25T12:28:45+00:00","twitter_card":"summary_large_image","schema":{"@context":"https:\/\/schema.org","@graph":[{"@type":"WebPage","@id":"https:\/\/tenerife-it.com\/en\/privacy-policy\/","url":"https:\/\/tenerife-it.com\/en\/privacy-policy\/","name":"Privacy Policy - Tenerife IT - Simplifying Technology","isPartOf":{"@id":"https:\/\/tenerife-it.com\/en\/#website"},"datePublished":"2025-08-20T15:15:30+00:00","dateModified":"2025-08-25T12:28:45+00:00","breadcrumb":{"@id":"https:\/\/tenerife-it.com\/en\/privacy-policy\/#breadcrumb"},"inLanguage":"en-US","potentialAction":[{"@type":"ReadAction","target":["https:\/\/tenerife-it.com\/en\/privacy-policy\/"]}]},{"@type":"BreadcrumbList","@id":"https:\/\/tenerife-it.com\/en\/privacy-policy\/#breadcrumb","itemListElement":[{"@type":"ListItem","position":1,"name":"Startseite","item":"https:\/\/tenerife-it.com\/en\/"},{"@type":"ListItem","position":2,"name":"Privacy Policy"}]},{"@type":"WebSite","@id":"https:\/\/tenerife-it.com\/en\/#website","url":"https:\/\/tenerife-it.com\/en\/","name":"Tenerife IT - Simplifying Technology","description":"IT Dienstleistungen auf Teneriffa und Weltweit","publisher":{"@id":"https:\/\/tenerife-it.com\/en\/#organization"},"potentialAction":[{"@type":"SearchAction","target":{"@type":"EntryPoint","urlTemplate":"https:\/\/tenerife-it.com\/en\/?s={search_term_string}"},"query-input":{"@type":"PropertyValueSpecification","valueRequired":true,"valueName":"search_term_string"}}],"inLanguage":"en-US"},{"@type":"Organization","@id":"https:\/\/tenerife-it.com\/en\/#organization","name":"Tenerife IT - Simplifying Technology","url":"https:\/\/tenerife-it.com\/en\/","logo":{"@type":"ImageObject","inLanguage":"en-US","@id":"https:\/\/tenerife-it.com\/en\/#\/schema\/logo\/image\/","url":"https:\/\/tenerife-it.com\/wp-content\/uploads\/2025\/08\/tenerife-it-simplifying-technology.png","contentUrl":"https:\/\/tenerife-it.com\/wp-content\/uploads\/2025\/08\/tenerife-it-simplifying-technology.png","width":350,"height":77,"caption":"Tenerife IT - Simplifying Technology"},"image":{"@id":"https:\/\/tenerife-it.com\/en\/#\/schema\/logo\/image\/"},"sameAs":["https:\/\/www.facebook.com\/Tenerifeit"]}]}},"_links":{"self":[{"href":"https:\/\/tenerife-it.com\/en\/wp-json\/wp\/v2\/pages\/498","targetHints":{"allow":["GET"]}}],"collection":[{"href":"https:\/\/tenerife-it.com\/en\/wp-json\/wp\/v2\/pages"}],"about":[{"href":"https:\/\/tenerife-it.com\/en\/wp-json\/wp\/v2\/types\/page"}],"author":[{"embeddable":true,"href":"https:\/\/tenerife-it.com\/en\/wp-json\/wp\/v2\/users\/1"}],"replies":[{"embeddable":true,"href":"https:\/\/tenerife-it.com\/en\/wp-json\/wp\/v2\/comments?post=498"}],"version-history":[{"count":1,"href":"https:\/\/tenerife-it.com\/en\/wp-json\/wp\/v2\/pages\/498\/revisions"}],"predecessor-version":[{"id":499,"href":"https:\/\/tenerife-it.com\/en\/wp-json\/wp\/v2\/pages\/498\/revisions\/499"}],"wp:attachment":[{"href":"https:\/\/tenerife-it.com\/en\/wp-json\/wp\/v2\/media?parent=498"}],"curies":[{"name":"wp","href":"https:\/\/api.w.org\/{rel}","templated":true}]}}