{"id":439,"date":"2025-08-19T15:55:13","date_gmt":"2025-08-19T15:55:13","guid":{"rendered":"https:\/\/tenerife-it.es\/asistencia-remota-ayuda-informatica-rapida-en-todo-el-mundo\/"},"modified":"2025-08-26T14:33:19","modified_gmt":"2025-08-26T14:33:19","slug":"asistencia-remota-ayuda-informatica-rapida-en-todo-el-mundo","status":"publish","type":"page","link":"https:\/\/tenerife-it.com\/es\/asistencia-remota-ayuda-informatica-rapida-en-todo-el-mundo\/","title":{"rendered":"Asistencia remota \u2013 \u00a1ayuda inform\u00e1tica r\u00e1pida en todo el mundo!"},"content":{"rendered":"<div class=\"et_pb_section_0 et_pb_section et_pb_fullwidth_section et_section_regular et_block_section\">\n<section class=\"et_pb_fullwidth_header_0 et_pb_fullwidth_header et_pb_bg_layout_dark et_pb_text_align_center et_pb_module et_flex_module\"><div class=\"et_pb_fullwidth_header_container center\"><div class=\"header-content-container center\"><div class=\"header-content et_flex_module\"><h1 class=\"et_pb_module_header\">Asistencia remota \u2013 soporte inform\u00e1tico seguro en todo el mundo<\/h1><div class=\"et_pb_header_content_wrapper\"><p>Resolvemos sus problemas inform\u00e1ticos \u2013 ya sea en Tenerife, en Alemania o mientras est\u00e1 de viaje.<\/p>\n<\/div><div class=\"et_pb_header_button_wrapper\"><\/div><\/div><\/div><\/div><div class=\"et_pb_fullwidth_header_overlay\"><\/div><div class=\"et_pb_fullwidth_header_scroll\"><\/div><\/section>\n<\/div>\n\n<div class=\"et_pb_section_1 et_pb_section et_section_specialty et_pb_gutters2 et_block_section\"><div class=\"et_pb_row et_block_row\">\n<div class=\"et_pb_column_0 et_pb_column et_pb_column_single et_pb_column_1_2 et_block_column et_pb_css_mix_blend_mode_passthrough\">\n<div class=\"et_pb_blurb_0 et_pb_blurb et_pb_bg_layout_dark et_pb_text_align_right et_pb_blurb_position_top et_animated et_pb_module et_flex_module\"><div class=\"et_pb_blurb_content et_flex_module\"><div class=\"et_pb_blurb_container\"><h4 class=\"et_pb_module_header\"><a href=\"https:\/\/get.teamviewer.com\/tit-mac\" target=\"_blank\">Descarga directa de TeamViewer<\/a><\/h4><\/div><\/div><\/div>\n<\/div>\n\n<div class=\"et_pb_column_1 et_pb_column et_pb_specialty_column et_pb_column_1_2 et-last-child et_block_column et_pb_css_mix_blend_mode_passthrough\">\n<div class=\"et_pb_row_inner_0 et_pb_row_inner et_block_row\">\n<div class=\"et_pb_column_inner_0 et_pb_column_inner et_pb_column et_pb_column_1_4 et_block_column et_pb_css_mix_blend_mode_passthrough\">\n<div class=\"et_pb_module et_pb_button_module_wrapper et_pb_button_0_wrapper preset--module--divi-button--default_wrapper\"><a class=\"et_pb_button_0 et_pb_button et_pb_bg_layout_light et_animated et_pb_module et_flex_module preset--module--divi-button--default\" href=\"#contact\">Contacto<\/a><\/div>\n<\/div>\n\n<div class=\"et_pb_column_inner_1 et_pb_column_inner et_pb_column et_pb_column_1_4 et-last-child et_block_column et_pb_column_empty et_pb_css_mix_blend_mode_passthrough\"><\/div>\n<\/div>\n<\/div>\n<\/div><\/div>\n\n<div class=\"et_pb_section_2 et_pb_section et_section_regular et_block_section\">\n<div class=\"et_pb_row_0 et_pb_row et_block_row\">\n<div class=\"et_pb_column_2 et_pb_column et_pb_column_1_2 et_block_column et_pb_css_mix_blend_mode_passthrough\">\n<div class=\"et_pb_text_0 et_pb_text et_pb_bg_layout_light et_animated et_pb_module et_flex_module\"><div class=\"et_pb_text_inner\"><p>Remoto<\/p>\n<h2>Ventajas de la asistencia remota<\/h2>\n<\/div><\/div>\n\n<div class=\"et_pb_text_1 et_pb_text et_pb_bg_layout_light et_animated et_pb_module et_flex_module\"><div class=\"et_pb_text_inner\"><p>Con nuestra asistencia remota en Tenerife recibe ayuda r\u00e1pida sin necesidad de que un t\u00e9cnico se desplace a su domicilio. Tanto si es cliente particular como empresa, mediante un acceso remoto seguro podemos mantener su ordenador, resolver problemas de software o realizar nuevas configuraciones. <\/p>\n<p>As\u00ed ahorra tiempo, evita costes de desplazamiento y recibe asistencia est\u00e9 donde est\u00e9: en Canarias, en Alemania o en cualquier parte del mundo.<\/p>\n<\/div><\/div>\n<\/div>\n\n<div class=\"et_pb_column_3 et_pb_column et_pb_column_1_2 et-last-child et_block_column et_pb_css_mix_blend_mode_passthrough\">\n<div class=\"et_pb_blurb_1 et_pb_blurb et_pb_bg_layout_light et_pb_blurb_position_left et_animated et_pb_module et_flex_module\"><div class=\"et_pb_blurb_content et_flex_module\"><div class=\"et_pb_main_blurb_image\"><span class=\"et_pb_image_wrap\"><span class=\"et-pb-icon\">\ue052<\/span><\/span><\/div><div class=\"et_pb_blurb_container\"><h4 class=\"et_pb_module_header\">Ayuda r\u00e1pida sin desplazamiento<\/h4><\/div><\/div><\/div>\n\n<div class=\"et_pb_blurb_2 et_pb_blurb et_pb_bg_layout_light et_pb_blurb_position_left et_animated et_pb_module et_flex_module\"><div class=\"et_pb_blurb_content et_flex_module\"><div class=\"et_pb_main_blurb_image\"><span class=\"et_pb_image_wrap\"><span class=\"et-pb-icon\">\ue052<\/span><\/span><\/div><div class=\"et_pb_blurb_container\"><h4 class=\"et_pb_module_header\">Conexi\u00f3n segura y cifrada<\/h4><\/div><\/div><\/div>\n\n<div class=\"et_pb_blurb_3 et_pb_blurb et_pb_bg_layout_light et_pb_blurb_position_left et_animated et_pb_module et_flex_module\"><div class=\"et_pb_blurb_content et_flex_module\"><div class=\"et_pb_main_blurb_image\"><span class=\"et_pb_image_wrap\"><span class=\"et-pb-icon\">\ue052<\/span><\/span><\/div><div class=\"et_pb_blurb_container\"><h4 class=\"et_pb_module_header\">Ideal para clientes particulares y empresas<\/h4><\/div><\/div><\/div>\n\n<div class=\"et_pb_blurb_4 et_pb_blurb et_pb_bg_layout_light et_pb_blurb_position_left et_animated et_pb_module et_flex_module\"><div class=\"et_pb_blurb_content et_flex_module\"><div class=\"et_pb_main_blurb_image\"><span class=\"et_pb_image_wrap\"><span class=\"et-pb-icon\">\ue052<\/span><\/span><\/div><div class=\"et_pb_blurb_container\"><h4 class=\"et_pb_module_header\">Configuraci\u00f3n sencilla <\/h4><\/div><\/div><\/div>\n\n<div class=\"et_pb_blurb_5 et_pb_blurb et_pb_bg_layout_light et_pb_blurb_position_left et_animated et_pb_module et_flex_module\"><div class=\"et_pb_blurb_content et_flex_module\"><div class=\"et_pb_main_blurb_image\"><span class=\"et_pb_image_wrap\"><span class=\"et-pb-icon\">\ue052<\/span><\/span><\/div><div class=\"et_pb_blurb_container\"><h4 class=\"et_pb_module_header\">Configurar y explicar almacenamiento en la nube<\/h4><\/div><\/div><\/div>\n<\/div>\n<\/div>\n<\/div>\n\n<div class=\"et_pb_section_3 et_pb_section et_section_regular et_flex_section\">\n<div class=\"et_pb_row_1 et_pb_row et_flex_row\">\n<div class=\"et_pb_column_4 et_pb_column et-last-child et_flex_column et_pb_css_mix_blend_mode_passthrough et_flex_column_24_24 et_flex_column_24_24_tablet et_flex_column_24_24_phone\">\n<div class=\"et_pb_text_2 et_pb_text et_pb_bg_layout_light et_animated et_pb_module et_flex_module\"><div class=\"et_pb_text_inner\"><p>Soluciones de asistencia remota<\/p>\n<h2>Descarga<\/h2>\n<\/div><\/div>\n\n<div class=\"et_pb_text_3 et_pb_text et_pb_bg_layout_light et_pb_module et_flex_module\"><div class=\"et_pb_text_inner\"><p>Le ofrecemos tres opciones diferentes para conectarnos de forma segura a su ordenador mediante asistencia remota. Simplemente elija la herramienta m\u00e1s adecuada de la siguiente lista. Por supuesto, tambi\u00e9n le ofrecemos apoyo telef\u00f3nico, tanto en la elecci\u00f3n del programa correcto como en la instalaci\u00f3n y el inicio.  <\/p>\n<\/div><\/div>\n<\/div>\n<\/div>\n\n<div class=\"et_pb_row_2 et_pb_row et_flex_row\">\n<div class=\"et_pb_column_5 et_pb_column et_flex_column et_pb_css_mix_blend_mode_passthrough et_flex_column_24_24 et_flex_column_24_24_tablet et_flex_column_24_24_phone\">\n<div class=\"et_pb_text_4 et_pb_text et_pb_bg_layout_light et_pb_module et_flex_module\"><div class=\"et_pb_text_inner\"><h2>TeamViewer<\/h2>\n<h4>(Versi\u00f3n 12)<\/h4>\n<ul>\n<li>Inicio r\u00e1pido: ID y contrase\u00f1a \u2013 nosotros nos conectamos.<\/li>\n<li>Transferencia de archivos y uso compartido de pantalla<\/li>\n<\/ul>\n<\/div><\/div>\n\n<div class=\"et_pb_module et_pb_button_module_wrapper et_pb_button_1_wrapper preset--module--divi-button--default_wrapper\"><a class=\"et_pb_button_1 et_pb_button et_pb_bg_layout_light et_animated et_pb_module et_flex_module preset--module--divi-button--default\" href=\"https:\/\/get.teamviewer.com\/tit-mac\">Descarga<\/a><\/div>\n<\/div>\n\n<div class=\"et_pb_column_6 et_pb_column et_flex_column et_pb_css_mix_blend_mode_passthrough et_flex_column_24_24 et_flex_column_24_24_tablet et_flex_column_24_24_phone\">\n<div class=\"et_pb_text_5 et_pb_text et_pb_bg_layout_light et_pb_module et_flex_module\"><div class=\"et_pb_text_inner\"><h2>Soporte remoto de Windows<\/h2>\n<h4>(incorporado)<\/h4>\n<p>La soluci\u00f3n r\u00e1pida en Windows \u2013 sin software adicional.<\/p>\n<ul>\n<li>Pulse la siguiente combinaci\u00f3n en el teclado: <em>CTRL + tecla de Windows + Q, o bien busque en el campo de b\u00fasqueda \u2018Asistencia r\u00e1pida\u2019 <strong>o <\/strong>\u2018Asistencia remota\u2019.<\/em><\/li>\n<li>Ind\u00edquenos el c\u00f3digo que se muestra y nos conectaremos de forma segura.<\/li>\n<\/ul>\n<\/div><\/div>\n<\/div>\n\n<div class=\"et_pb_column_7 et_pb_column et-last-child et_flex_column et_pb_css_mix_blend_mode_passthrough et_flex_column_24_24 et_flex_column_24_24_tablet et_flex_column_24_24_phone\">\n<div class=\"et_pb_text_6 et_pb_text et_pb_bg_layout_light et_pb_module et_flex_module\"><div class=\"et_pb_text_inner\"><h2>RustDesk<\/h2>\n<h4>(gratuito y de c\u00f3digo abierto)<\/h4>\n<p>Alternativa moderna y gratuita con gran seguridad y amplio soporte de dispositivos.<\/p>\n<ul>\n<li>Gratuito y transparente (c\u00f3digo abierto)<\/li>\n<li>Muy seguro; opcionalmente con servidor de retransmisi\u00f3n propio para empresas.<\/li>\n<\/ul>\n<\/div><\/div>\n\n<div class=\"et_pb_module et_pb_button_module_wrapper et_pb_button_2_wrapper preset--module--divi-button--default_wrapper\"><a class=\"et_pb_button_2 et_pb_button et_pb_bg_layout_light et_animated et_pb_module et_flex_module preset--module--divi-button--default\" href=\"https:\/\/github.com\/rustdesk\/rustdesk\/releases\/tag\/1.4.1\">Descarga<\/a><\/div>\n<\/div>\n<\/div>\n<\/div>\n\n<div class=\"et_pb_section_4 et_pb_section et_section_regular et_flex_section\" id=\"contact\">\n<div class=\"et_pb_row_3 et_pb_row et_flex_row\">\n<div class=\"et_pb_column_8 et_pb_column et_flex_column et_pb_css_mix_blend_mode_passthrough et_flex_column_24_24 et_flex_column_24_24_tablet et_flex_column_24_24_phone\">\n<div class=\"et_pb_text_7 et_pb_text et_pb_bg_layout_light et_pb_module et_flex_module\"><div class=\"et_pb_text_inner\"><h3>Su Proveedor de Servicios Inform\u00e1ticos en Tenerife<\/h3>\n<p>Hacemos que la tecnolog\u00eda sea m\u00e1s sencilla y accesible, y nos aseguramos de que sus dispositivos, redes y sistemas funcionen de manera fiable. Ya sea <strong>soporte para PC y port\u00e1tiles, ayuda con smartphones y tablets, soluciones de red e Internet, servicios de Cloud y Microsoft 365 o videovigilancia y tecnolog\u00eda de seguridad<\/strong>: encontramos la soluci\u00f3n adecuada para sus necesidades. <\/p>\n<h4>En Tenerife, nuestro servicio se adapta a sus necesidades:<\/h4>\n<p>Vamos a su domicilio, le ayudamos c\u00f3modamente mediante asistencia remota o le <strong>atendemos en nuestra oficina con cita previa<\/strong>.<\/p>\n<\/div><\/div>\n<\/div>\n\n<div class=\"et_pb_column_9 et_pb_column et_flex_column et_pb_css_mix_blend_mode_passthrough et_flex_column_24_24 et_flex_column_24_24_tablet et_flex_column_24_24_phone\">\n<div class=\"et_pb_row_4 et_pb_row et_pb_row_nested et_flex_row\">\n<div class=\"et_pb_column_10 et_pb_column et-last-child et_flex_column et_pb_css_mix_blend_mode_passthrough et_flex_column_24_24 et_flex_column_24_24_tablet et_flex_column_24_24_phone\">\n<div class=\"et_pb_blurb_6 et_pb_blurb et_pb_bg_layout_light et_pb_blurb_position_left et_pb_module et_flex_module\"><div class=\"et_pb_blurb_content et_flex_module\"><div class=\"et_pb_main_blurb_image\"><span class=\"et_pb_image_wrap\"><span class=\"et-pb-icon\">\uf87b<\/span><\/span><\/div><div class=\"et_pb_blurb_container\"><h4 class=\"et_pb_module_header\">Tel\u00e9fono<\/h4><div class=\"et_pb_blurb_description\"><p>+34 922 099 420<\/p>\n<\/div><\/div><\/div><\/div>\n\n<div class=\"et_pb_blurb_7 et_pb_blurb et_pb_bg_layout_light et_pb_blurb_position_left et_pb_module et_flex_module\"><div class=\"et_pb_blurb_content et_flex_module\"><div class=\"et_pb_main_blurb_image\"><span class=\"et_pb_image_wrap\"><span class=\"et-pb-icon\">\uf199<\/span><\/span><\/div><div class=\"et_pb_blurb_container\"><h4 class=\"et_pb_module_header\">Correo electr\u00f3nico<\/h4><div class=\"et_pb_blurb_description\"><p><a href=\"mailto:service@tenerife-it.com\">service@tenerife-it.com<\/a><\/p>\n<\/div><\/div><\/div><\/div>\n\n<div class=\"et_pb_blurb_8 et_pb_blurb et_pb_bg_layout_light et_pb_blurb_position_left et_pb_module et_flex_module\"><div class=\"et_pb_blurb_content et_flex_module\"><div class=\"et_pb_main_blurb_image\"><span class=\"et_pb_image_wrap\"><span class=\"et-pb-icon\">\uf199<\/span><\/span><\/div><div class=\"et_pb_blurb_container\"><h4 class=\"et_pb_module_header\">Nuestra oficina<\/h4><div class=\"et_pb_blurb_description\"><p><span>Av. Ten Bel, 30, Pol. Ind.,  <\/span><br \/><span>38639 Las Chafiras<\/span><\/p>\n<\/div><\/div><\/div><\/div>\n<\/div>\n<\/div>\n<\/div>\n\n<div class=\"et_pb_column_11 et_pb_column et-last-child et_flex_column et_pb_css_mix_blend_mode_passthrough et_flex_column_24_24 et_flex_column_24_24_tablet et_flex_column_24_24_phone\">\n<div class=\"et_pb_blurb_9 et_pb_blurb et_pb_bg_layout_light et_pb_blurb_position_left et_pb_module et_flex_module\"><div class=\"et_pb_blurb_content et_flex_module\"><div class=\"et_pb_main_blurb_image\"><span class=\"et_pb_image_wrap\"><span class=\"et-pb-icon\">\ue02b<\/span><\/span><\/div><div class=\"et_pb_blurb_container\"><h4 class=\"et_pb_module_header\">Enlaces<\/h4><div class=\"et_pb_blurb_description\"><p><a href=\"https:\/\/tenerife-it.com\/es\/\">Soporte Inform\u00e1tico en Tenerife<\/a><span><\/span><br \/><a href=\"https:\/\/tenerife-it.com\/es\/soluciones-it-para-empresas\/\">Para empresas<\/a><span><\/span><br \/><a href=\"https:\/\/tenerife-it.com\/es\/soporte-it-para-particulares-en-tenerife\/\">Para particulares<\/a><span><\/span><br \/><a href=\"https:\/\/tenerife-it.com\/es\/asistencia-remota-ayuda-informatica-rapida-en-todo-el-mundo\/\">Asistencia remota<\/a><span><\/span><br \/><a href=\"https:\/\/tenerife-it.com\/es\/acerca-de-nosotros-tenerife-it-su-aliado-en-soporte-informatico-y-telecomunicaciones-en-tenerife\/\">Acerca de nosotros<\/a><span><\/span><br \/><a href=\"https:\/\/tenerife-it.com\/es\/blog\/\">Blog<\/a><\/p>\n<\/div><\/div><\/div><\/div>\n<\/div>\n<\/div>\n<\/div>","protected":false},"excerpt":{"rendered":"","protected":false},"author":1,"featured_media":0,"parent":0,"menu_order":0,"comment_status":"closed","ping_status":"closed","template":"","meta":{"footnotes":""},"class_list":["post-439","page","type-page","status-publish","hentry"],"yoast_head":"<!-- This site is optimized with the Yoast SEO plugin v27.5 - https:\/\/yoast.com\/product\/yoast-seo-wordpress\/ -->\n<title>Asistencia remota y soporte inform\u00e1tico en Tenerife | Tenerife IT<\/title>\n<meta name=\"description\" content=\"Soporte inform\u00e1tico mediante asistencia remota \u2013 utilizable en todo el mundo. Le ayudamos de forma r\u00e1pida y segura a trav\u00e9s de TeamViewer, Asistencia remota de Windows o RustDesk. \u00a1Empiece ahora!\" \/>\n<meta name=\"robots\" content=\"index, follow, max-snippet:-1, max-image-preview:large, max-video-preview:-1\" \/>\n<link rel=\"canonical\" href=\"https:\/\/tenerife-it.com\/es\/asistencia-remota-ayuda-informatica-rapida-en-todo-el-mundo\/\" \/>\n<meta property=\"og:locale\" content=\"es_ES\" \/>\n<meta property=\"og:type\" content=\"article\" \/>\n<meta property=\"og:title\" content=\"Asistencia remota y soporte inform\u00e1tico en Tenerife | Tenerife IT\" \/>\n<meta property=\"og:description\" content=\"Soporte inform\u00e1tico mediante asistencia remota \u2013 utilizable en todo el mundo. Le ayudamos de forma r\u00e1pida y segura a trav\u00e9s de TeamViewer, Asistencia remota de Windows o RustDesk. \u00a1Empiece ahora!\" \/>\n<meta property=\"og:url\" content=\"https:\/\/tenerife-it.com\/es\/asistencia-remota-ayuda-informatica-rapida-en-todo-el-mundo\/\" \/>\n<meta property=\"og:site_name\" content=\"Tenerife IT - Simplifying Technology\" \/>\n<meta property=\"article:publisher\" content=\"https:\/\/www.facebook.com\/Tenerifeit\" \/>\n<meta property=\"article:modified_time\" content=\"2025-08-26T14:33:19+00:00\" \/>\n<meta name=\"twitter:card\" content=\"summary_large_image\" \/>\n<script type=\"application\/ld+json\" class=\"yoast-schema-graph\">{\"@context\":\"https:\\\/\\\/schema.org\",\"@graph\":[{\"@type\":\"WebPage\",\"@id\":\"https:\\\/\\\/tenerife-it.com\\\/es\\\/asistencia-remota-ayuda-informatica-rapida-en-todo-el-mundo\\\/\",\"url\":\"https:\\\/\\\/tenerife-it.com\\\/es\\\/asistencia-remota-ayuda-informatica-rapida-en-todo-el-mundo\\\/\",\"name\":\"Asistencia remota y soporte inform\u00e1tico en Tenerife | Tenerife IT\",\"isPartOf\":{\"@id\":\"https:\\\/\\\/tenerife-it.com\\\/es\\\/#website\"},\"datePublished\":\"2025-08-19T15:55:13+00:00\",\"dateModified\":\"2025-08-26T14:33:19+00:00\",\"description\":\"Soporte inform\u00e1tico mediante asistencia remota \u2013 utilizable en todo el mundo. Le ayudamos de forma r\u00e1pida y segura a trav\u00e9s de TeamViewer, Asistencia remota de Windows o RustDesk. \u00a1Empiece ahora!\",\"breadcrumb\":{\"@id\":\"https:\\\/\\\/tenerife-it.com\\\/es\\\/asistencia-remota-ayuda-informatica-rapida-en-todo-el-mundo\\\/#breadcrumb\"},\"inLanguage\":\"es\",\"potentialAction\":[{\"@type\":\"ReadAction\",\"target\":[\"https:\\\/\\\/tenerife-it.com\\\/es\\\/asistencia-remota-ayuda-informatica-rapida-en-todo-el-mundo\\\/\"]}]},{\"@type\":\"BreadcrumbList\",\"@id\":\"https:\\\/\\\/tenerife-it.com\\\/es\\\/asistencia-remota-ayuda-informatica-rapida-en-todo-el-mundo\\\/#breadcrumb\",\"itemListElement\":[{\"@type\":\"ListItem\",\"position\":1,\"name\":\"Startseite\",\"item\":\"https:\\\/\\\/tenerife-it.com\\\/es\\\/\"},{\"@type\":\"ListItem\",\"position\":2,\"name\":\"Asistencia remota \u2013 \u00a1ayuda inform\u00e1tica r\u00e1pida en todo el mundo!\"}]},{\"@type\":\"WebSite\",\"@id\":\"https:\\\/\\\/tenerife-it.com\\\/es\\\/#website\",\"url\":\"https:\\\/\\\/tenerife-it.com\\\/es\\\/\",\"name\":\"Tenerife IT - Simplifying Technology\",\"description\":\"IT Dienstleistungen auf Teneriffa und Weltweit\",\"publisher\":{\"@id\":\"https:\\\/\\\/tenerife-it.com\\\/es\\\/#organization\"},\"potentialAction\":[{\"@type\":\"SearchAction\",\"target\":{\"@type\":\"EntryPoint\",\"urlTemplate\":\"https:\\\/\\\/tenerife-it.com\\\/es\\\/?s={search_term_string}\"},\"query-input\":{\"@type\":\"PropertyValueSpecification\",\"valueRequired\":true,\"valueName\":\"search_term_string\"}}],\"inLanguage\":\"es\"},{\"@type\":\"Organization\",\"@id\":\"https:\\\/\\\/tenerife-it.com\\\/es\\\/#organization\",\"name\":\"Tenerife IT - Simplifying Technology\",\"url\":\"https:\\\/\\\/tenerife-it.com\\\/es\\\/\",\"logo\":{\"@type\":\"ImageObject\",\"inLanguage\":\"es\",\"@id\":\"https:\\\/\\\/tenerife-it.com\\\/es\\\/#\\\/schema\\\/logo\\\/image\\\/\",\"url\":\"https:\\\/\\\/tenerife-it.com\\\/wp-content\\\/uploads\\\/2025\\\/08\\\/tenerife-it-simplifying-technology.png\",\"contentUrl\":\"https:\\\/\\\/tenerife-it.com\\\/wp-content\\\/uploads\\\/2025\\\/08\\\/tenerife-it-simplifying-technology.png\",\"width\":350,\"height\":77,\"caption\":\"Tenerife IT - Simplifying Technology\"},\"image\":{\"@id\":\"https:\\\/\\\/tenerife-it.com\\\/es\\\/#\\\/schema\\\/logo\\\/image\\\/\"},\"sameAs\":[\"https:\\\/\\\/www.facebook.com\\\/Tenerifeit\"]}]}<\/script>\n<!-- \/ Yoast SEO plugin. -->","yoast_head_json":{"title":"Asistencia remota y soporte inform\u00e1tico en Tenerife | Tenerife IT","description":"Soporte inform\u00e1tico mediante asistencia remota \u2013 utilizable en todo el mundo. Le ayudamos de forma r\u00e1pida y segura a trav\u00e9s de TeamViewer, Asistencia remota de Windows o RustDesk. \u00a1Empiece ahora!","robots":{"index":"index","follow":"follow","max-snippet":"max-snippet:-1","max-image-preview":"max-image-preview:large","max-video-preview":"max-video-preview:-1"},"canonical":"https:\/\/tenerife-it.com\/es\/asistencia-remota-ayuda-informatica-rapida-en-todo-el-mundo\/","og_locale":"es_ES","og_type":"article","og_title":"Asistencia remota y soporte inform\u00e1tico en Tenerife | Tenerife IT","og_description":"Soporte inform\u00e1tico mediante asistencia remota \u2013 utilizable en todo el mundo. Le ayudamos de forma r\u00e1pida y segura a trav\u00e9s de TeamViewer, Asistencia remota de Windows o RustDesk. \u00a1Empiece ahora!","og_url":"https:\/\/tenerife-it.com\/es\/asistencia-remota-ayuda-informatica-rapida-en-todo-el-mundo\/","og_site_name":"Tenerife IT - Simplifying Technology","article_publisher":"https:\/\/www.facebook.com\/Tenerifeit","article_modified_time":"2025-08-26T14:33:19+00:00","twitter_card":"summary_large_image","schema":{"@context":"https:\/\/schema.org","@graph":[{"@type":"WebPage","@id":"https:\/\/tenerife-it.com\/es\/asistencia-remota-ayuda-informatica-rapida-en-todo-el-mundo\/","url":"https:\/\/tenerife-it.com\/es\/asistencia-remota-ayuda-informatica-rapida-en-todo-el-mundo\/","name":"Asistencia remota y soporte inform\u00e1tico en Tenerife | Tenerife IT","isPartOf":{"@id":"https:\/\/tenerife-it.com\/es\/#website"},"datePublished":"2025-08-19T15:55:13+00:00","dateModified":"2025-08-26T14:33:19+00:00","description":"Soporte inform\u00e1tico mediante asistencia remota \u2013 utilizable en todo el mundo. Le ayudamos de forma r\u00e1pida y segura a trav\u00e9s de TeamViewer, Asistencia remota de Windows o RustDesk. \u00a1Empiece ahora!","breadcrumb":{"@id":"https:\/\/tenerife-it.com\/es\/asistencia-remota-ayuda-informatica-rapida-en-todo-el-mundo\/#breadcrumb"},"inLanguage":"es","potentialAction":[{"@type":"ReadAction","target":["https:\/\/tenerife-it.com\/es\/asistencia-remota-ayuda-informatica-rapida-en-todo-el-mundo\/"]}]},{"@type":"BreadcrumbList","@id":"https:\/\/tenerife-it.com\/es\/asistencia-remota-ayuda-informatica-rapida-en-todo-el-mundo\/#breadcrumb","itemListElement":[{"@type":"ListItem","position":1,"name":"Startseite","item":"https:\/\/tenerife-it.com\/es\/"},{"@type":"ListItem","position":2,"name":"Asistencia remota \u2013 \u00a1ayuda inform\u00e1tica r\u00e1pida en todo el mundo!"}]},{"@type":"WebSite","@id":"https:\/\/tenerife-it.com\/es\/#website","url":"https:\/\/tenerife-it.com\/es\/","name":"Tenerife IT - Simplifying Technology","description":"IT Dienstleistungen auf Teneriffa und Weltweit","publisher":{"@id":"https:\/\/tenerife-it.com\/es\/#organization"},"potentialAction":[{"@type":"SearchAction","target":{"@type":"EntryPoint","urlTemplate":"https:\/\/tenerife-it.com\/es\/?s={search_term_string}"},"query-input":{"@type":"PropertyValueSpecification","valueRequired":true,"valueName":"search_term_string"}}],"inLanguage":"es"},{"@type":"Organization","@id":"https:\/\/tenerife-it.com\/es\/#organization","name":"Tenerife IT - Simplifying Technology","url":"https:\/\/tenerife-it.com\/es\/","logo":{"@type":"ImageObject","inLanguage":"es","@id":"https:\/\/tenerife-it.com\/es\/#\/schema\/logo\/image\/","url":"https:\/\/tenerife-it.com\/wp-content\/uploads\/2025\/08\/tenerife-it-simplifying-technology.png","contentUrl":"https:\/\/tenerife-it.com\/wp-content\/uploads\/2025\/08\/tenerife-it-simplifying-technology.png","width":350,"height":77,"caption":"Tenerife IT - Simplifying Technology"},"image":{"@id":"https:\/\/tenerife-it.com\/es\/#\/schema\/logo\/image\/"},"sameAs":["https:\/\/www.facebook.com\/Tenerifeit"]}]}},"_links":{"self":[{"href":"https:\/\/tenerife-it.com\/es\/wp-json\/wp\/v2\/pages\/439","targetHints":{"allow":["GET"]}}],"collection":[{"href":"https:\/\/tenerife-it.com\/es\/wp-json\/wp\/v2\/pages"}],"about":[{"href":"https:\/\/tenerife-it.com\/es\/wp-json\/wp\/v2\/types\/page"}],"author":[{"embeddable":true,"href":"https:\/\/tenerife-it.com\/es\/wp-json\/wp\/v2\/users\/1"}],"replies":[{"embeddable":true,"href":"https:\/\/tenerife-it.com\/es\/wp-json\/wp\/v2\/comments?post=439"}],"version-history":[{"count":2,"href":"https:\/\/tenerife-it.com\/es\/wp-json\/wp\/v2\/pages\/439\/revisions"}],"predecessor-version":[{"id":684,"href":"https:\/\/tenerife-it.com\/es\/wp-json\/wp\/v2\/pages\/439\/revisions\/684"}],"wp:attachment":[{"href":"https:\/\/tenerife-it.com\/es\/wp-json\/wp\/v2\/media?parent=439"}],"curies":[{"name":"wp","href":"https:\/\/api.w.org\/{rel}","templated":true}]}}