{"id":441,"date":"2025-08-20T15:11:42","date_gmt":"2025-08-20T15:11:42","guid":{"rendered":"https:\/\/tenerife-it.es\/aviso-legal\/"},"modified":"2025-08-25T10:27:42","modified_gmt":"2025-08-25T10:27:42","slug":"aviso-legal","status":"publish","type":"page","link":"https:\/\/tenerife-it.com\/es\/aviso-legal\/","title":{"rendered":"Aviso legal"},"content":{"rendered":"<div class=\"et_pb_section_0 et_pb_section et_section_regular et_flex_section\">\n<div class=\"et_pb_row_0 et_pb_row et_flex_row\">\n<div class=\"et_pb_column_0 et_pb_column et-last-child et_flex_column et_pb_css_mix_blend_mode_passthrough et_flex_column_24_24 et_flex_column_24_24_tablet et_flex_column_24_24_phone\">\n<div class=\"et_pb_text_0 et_pb_text et_pb_bg_layout_light et_pb_module et_flex_module\"><div class=\"et_pb_text_inner\"><h1>AVISO LEGAL WEB<\/h1>\n<h3>1. IDENTIDAD DEL TITULAR WEB<\/h3>\n<p>Responsable: HOLGER GRAU - CIF: X8426473D Dir. postal: AVDA. VENEZUELA 1 \u2013 URB. ALTANTIC 6040F<br \/>\nCHAFIRAS (STA CRUZ DE TENERIFE) Tel\u00e9fono: 634352645 Correo elect: <a href=\"mailto:service@tenerife-it.com\">service@tenerife-it.com<\/a>   <\/p>\n<p>NOMBRE DEL DOMINIO: <a href=\"https:\/\/tenerife-it.com\/\">https:\/\/tenerife-it.com\/<\/a><\/p>\n<h3>2. ACEPTACI\u00d3N DE LAS CONDICIONES DE USO<\/h3>\n<p>La utilizaci\u00f3n de este sitio Web atribuye al navegante, sea persona f\u00edsica o jur\u00eddica, la condici\u00f3n de<br \/>\nUSUARIO, lo cual implica la adhesi\u00f3n a los t\u00e9rminos y condiciones que a continuaci\u00f3n se indican.<\/p>\n<p>A todos los efectos, se contemplar\u00e1n los t\u00e9rminos y condiciones en la versi\u00f3n publicada en el momento en<br \/>\nque se produce el acceso.<\/p>\n<p>Se recomienda al USUARIO leer atentamente los t\u00e9rminos y condiciones que a continuaci\u00f3n se detallan<br \/>\nantes de hacer uso de los servicios ofertados.<\/p>\n<p>Asimismo, el acceso a determinados servicios a trav\u00e9s de este sitio Web puede encontrarse sometido a<br \/>\nciertas condiciones particulares propias que, seg\u00fan los casos, sustituyen, completan y\/o modifican estas<br \/>\ncondiciones generales.<\/p>\n<p>Por tanto, con anterioridad al acceso y\/o utilizaci\u00f3n de nuestros servicios, el USUARIO debe leer<br \/>\natentamente tambi\u00e9n las correspondientes condiciones particulares. En caso de no aceptar las<br \/>\ncondiciones de uso, deber\u00e1 abstenerse de acceder y utilizar los servicios contenidos en esta Web.<br \/>\nLas presentes condiciones de uso regulan el uso gen\u00e9rico de la Web por parte del USUARIO que tiene la<br \/>\nposibilidad de visualizarla e imprimirlas. <\/p>\n<p>El titular de la Web se reserva el derecho a modificar o suprimir en cualquier momento y sin previo aviso<br \/>\nlos contenidos, servicios e informaciones que se encuentran en esta Web, as\u00ed como a limitar o cancelar los<br \/>\nt\u00e9rminos y condiciones aplicables a la Web.<\/p>\n<h3>3. PROPIEDAD INTELECTUAL E INDUSTRIAL<\/h3>\n<p>El contenido de esta Web se encuentra protegido por las Leyes sobre Propiedad Intelectual e Industrial.<br \/>\nEl sitio web, incluyendo a t\u00edtulo enunciativo pero no limitativo su programaci\u00f3n, edici\u00f3n, compilaci\u00f3n y<br \/>\ndem\u00e1s elementos necesarios para su funcionamiento, los dise\u00f1os, logotipos, texto y\/o gr\u00e1ficos son<br \/>\npropiedad del responsable de la Web o en su caso dispone de licencia o autorizaci\u00f3n expresa por parte de<br \/>\nlos autores.<\/p>\n<p>Independientemente de la finalidad para la que fueran destinados, la reproducci\u00f3n total o parcial, uso,<br \/>\nexplotaci\u00f3n, distribuci\u00f3n y comercializaci\u00f3n, requiere en todo caso de la autorizaci\u00f3n escrita previa por<br \/>\nparte del responsable de la Web. La infracci\u00f3n de cualquiera de los citados derechos puede constituir una<br \/>\nvulneraci\u00f3n de las presentes disposiciones, as\u00ed como un delito castigado de acuerdo con los art\u00edculos 270<br \/>\ny siguientes del C\u00f3digo Penal. <\/p>\n<p>Los dise\u00f1os, logotipos, texto y\/o gr\u00e1ficos ajenos al responsable de la Web y que pudieran aparecer en el<br \/>\nsitio web, pertenecen a sus respectivos propietarios, siendo ellos mismos responsables de cualquier<br \/>\nposible controversia que pudiera suscitarse respecto a los mismos. En todo caso, se cuenta con la<br \/>\nautorizaci\u00f3n expresa y previa por parte de los mismos. <\/p>\n<p>Las reclamaciones que pudieran interponerse por los USUARIOS en relaci\u00f3n con posibles incumplimientos<br \/>\nde los derechos de propiedad intelectual o industrial sobre cualesquiera de los Contenidos de este sitio<br \/>\nWeb deber\u00e1n dirigirse al correo electr\u00f3nico <a href=\"mailto:info@tenerife.it.com\">info@tenerife.it.com<\/a><\/p>\n<h3>4. ACCESO A LA WEB<\/h3>\n<p>Nuestra Web puede ser visitada por cualquier USUARIO de forma libre y gratuita. Los Datos de Car\u00e1cter<br \/>\nPersonal que nos facilite ser\u00e1n siempre tratados de conformidad con lo dispuesto en la Ley Org\u00e1nica de<br \/>\nProtecci\u00f3n de Datos de Car\u00e1cter Personal. <\/p>\n<h3>5. USO CORRECTO DEL SITIO WEB<\/h3>\n<p>El USUARIO se compromete a utilizar la Web, los contenidos y los servicios de acuerdo con la Ley, con las<br \/>\nbuenas costumbres y el orden p\u00fablico.<\/p>\n<p>El USUARIO se obliga y compromete a:<\/p>\n<ul>\n<li>No utilizar la Web o los servicios que se prestan a trav\u00e9s de ella con finalidades o efectos il\u00edcitos o<br \/>\ncontrarios al contenido de este Aviso Legal que lesionen los intereses o derechos de terceros, o<br \/>\nque de cualquier forma pueda da\u00f1ar, inutilizar o deteriorar la Web o sus servicios o impedir un<br \/>\nuso satisfactorio de la Web a otros usuarios.<\/li>\n<li>No destruir, alterar, inutilizar o, de cualquier otra forma, da\u00f1ar los datos, los programas o los<br \/>\ndocumentos electr\u00f3nicos y otros que se encuentren en la Web.<\/li>\n<li>No introducir programas, virus, macroinstrucciones, miniaplicaciones o cualquier otro dispositivo<br \/>\nl\u00f3gico o secuencia de caracteres que causen o puedan causar cualquier tipo de alteraci\u00f3n en los<br \/>\nsistemas inform\u00e1ticos del responsable del la Web o de terceros.<\/li>\n<li>No hacer mal uso de informaciones, mensajes, gr\u00e1ficos, dibujos, archivos de sonido y\/o imagen,<br \/>\nfotograf\u00edas, grabaciones, software y, en general, cualquier clase de material accesible a trav\u00e9s de<br \/>\nla Web o de los servicios que ofrece.<\/li>\n<li>No introducir actuaciones, actitudes o ideas discriminatorias por raz\u00f3n de sexo, raza, religi\u00f3n,<br \/>\ncreencias, edad o condici\u00f3n.<\/li>\n<\/ul>\n<p>Asimismo, el responsable de la web se reserva el derecho a denegar o retirar el acceso a la Web y\/o a los<br \/>\nservicios en cualquier momento y sin necesidad de previo aviso a aquellos USUARIOS que incumplan<br \/>\nestas condiciones generales.<\/p>\n<h3>6. R\u00c9GIMEN DE RESPONSABILIDAD<\/h3>\n<p>El responsable de la web no se har\u00e1 responsable, directa ni subsidiariamente de:<\/p>\n<ul>\n<li>La calidad del servicio, la velocidad de acceso, el correcto funcionamiento ni la disponibilidad ni<br \/>\ncontinuidad de funcionamiento de la Web.<\/li>\n<li>Que existan interrupciones del servicio, demoras, errores, mal funcionamiento del mismo y, en<br \/>\ngeneral, dem\u00e1s inconvenientes que tengan su origen en causa que escapan del control del<br \/>\nresponsable de la Web.<\/li>\n<li>Una actuaci\u00f3n dolosa o culposa del USUARIO y\/o tenga por origen causas de fuerza mayor. En<br \/>\ncualquier caso, sea cual fuere su causa. <\/li>\n<li>Da\u00f1os directos o indirectos, da\u00f1o emergente y\/o por lucro cesante.<\/li>\n<li>Los contenidos y opiniones de terceros ni de la informaci\u00f3n contenida en p\u00e1ginas Web de terceros<br \/>\na las que se pueda acceder por Enlaces o buscadores del sitio Web.<\/li>\n<li>Los da\u00f1os que puedan causarse en los equipos de los USUARIOS por posibles virus inform\u00e1ticos<br \/>\ncontra\u00eddos a causa de su navegaci\u00f3n en el sitio Web o por cualquier otro da\u00f1o derivado de esa<br \/>\nnavegaci\u00f3n.<\/li>\n<li>Del incumplimiento de la ley, la moral y las buenas costumbres generalmente aceptadas o el<br \/>\norden p\u00fablico como consecuencia de la transmisi\u00f3n, difusi\u00f3n, almacenamiento, puesta a<br \/>\ndisposici\u00f3n, recepci\u00f3n, obtenci\u00f3n o acceso a los contenidos.<\/li>\n<li>Los vicios, y defectos de toda clase de los contenidos transmitidos, difundidos, almacenados o<br \/>\npuestos a disposici\u00f3n, la falta de actualizaci\u00f3n o de exactitud de los mismos, ni de su calidad<br \/>\ncient\u00edfica en su caso.<\/li>\n<\/ul>\n<p>As\u00ed mismo, el responsable no garantiza que la Web y el servidor est\u00e9n libres de virus y no se hace<br \/>\nresponsable de los da\u00f1os causados por el acceso a la Web o por la imposibilidad de acceder.<\/p>\n<p>El responsable tendr\u00e1 derecho, sin que exista indemnizaci\u00f3n alguna al USUARIO por estos conceptos, a<br \/>\nsuspender temporalmente los servicios y Contenidos del sitio Web para efectuar operaciones de<br \/>\nmantenimiento, mejora o reparaci\u00f3n de los mismos.<\/p>\n<h3>7. PROTECCI\u00d3N DE DATOS<\/h3>\n<p>De conformidad con lo establecido en la normativa vigente en Protecci\u00f3n de Datos de Car\u00e1cter Personal,<br \/>\nle informamos que sus datos ser\u00e1n incorporados al sistema de tratamiento titularidad del responsable<br \/>\ncon con la finalidad de poder facilitar, agilizar y cumplir los compromisos establecidos entre ambas<br \/>\npartes.<\/p>\n<p>En cumplimiento con la normativa vigente, la empresa informa que los datos ser\u00e1n conservados durante<br \/>\nel plazo estrictamente necesario para cumplir con los preceptos mencionados con anterioridad.<br \/>\nMientras no nos comunique lo contrario, entenderemos que sus datos no han sido modificados, que usted<br \/>\nse compromete a notificarnos cualquier variaci\u00f3n y que tenemos su consentimiento para utilizarlos para<br \/>\nlas finalidades mencionadas.<\/p>\n<p>Se le informa que proceder\u00e1 a tratar los datos de manera l\u00edcita, leal, transparente, adecuada, pertinente,<br \/>\nlimitada, exacta y actualizada. Es por ello que el responsable se compromete a adoptar todas las medidas<br \/>\nrazonables para que estos se supriman o rectifiquen sin dilaci\u00f3n cuando sean inexactos. <\/p>\n<p>De acuerdo con los derechos que le confiere el la normativa vigente en protecci\u00f3n de datos podr\u00e1 ejercer<br \/>\nlos derechos de acceso, rectificaci\u00f3n, limitaci\u00f3n de tratamiento, supresi\u00f3n, portabilidad y oposici\u00f3n al<br \/>\ntratamiento de sus datos de car\u00e1cter personal as\u00ed como del consentimiento prestado para el tratamiento<br \/>\nde los mismos, dirigiendo su petici\u00f3n a la direcci\u00f3n postal indicada m\u00e1s arriba o al correo electr\u00f3nico<br \/>\n<a href=\"mailto:info@tenerife.it.com\">info@tenerife.it.com<\/a><\/p>\n<p>Podr\u00e1 dirigirse a la Autoridad de Control competente para presentar la reclamaci\u00f3n que considere<br \/>\noportuna.<\/p>\n<h3>8. PUBLICIDAD<\/h3>\n<p>Conforme a lo regulado en la Ley de Servicios de la Sociedad de la Informaci\u00f3n y Comercio Electr\u00f3nico<br \/>\n(LSSICE) la pol\u00edtica respecto al correo electr\u00f3nico se centra en remitir \u00fanicamente comunicaciones que el<br \/>\nUSUARIO haya solicitado recibir. Si no desea recibir estos mensajes por correo electr\u00f3nico, puede dirigirse<br \/>\na la direcci\u00f3n de correo electr\u00f3nico <a href=\"mailto:info@tenerife.it.com\">info@tenerife.it.com<\/a> <\/p>\n<h3>9. LEGISLACI\u00d3N APLICABLE Y COMPETENCIA JUDICIAL<\/h3>\n<p>Las presentes condiciones est\u00e1n redactadas en espa\u00f1ol, y se encuentran sometidas a la legislaci\u00f3n<br \/>\nespa\u00f1ola vigente. Para toda cuesti\u00f3n litigiosa o que incumba al sitio Web de HOLGER GRAU, ser\u00e1n<br \/>\ncompetentes los Juzgados y Tribunales de LAS CHAFIRAS\/ STA CRUZ DE TENERIFE, Espa\u00f1a. <\/p>\n<p><!-- wp:divi\/placeholder \/--><\/p>\n<\/div><\/div>\n<\/div>\n<\/div>\n<\/div>","protected":false},"excerpt":{"rendered":"","protected":false},"author":1,"featured_media":0,"parent":0,"menu_order":0,"comment_status":"closed","ping_status":"closed","template":"","meta":{"footnotes":""},"class_list":["post-441","page","type-page","status-publish","hentry"],"yoast_head":"<!-- This site is optimized with the Yoast SEO plugin v27.4 - https:\/\/yoast.com\/product\/yoast-seo-wordpress\/ -->\n<title>Aviso legal - Tenerife IT - Simplifying Technology<\/title>\n<meta name=\"robots\" content=\"index, follow, max-snippet:-1, max-image-preview:large, max-video-preview:-1\" \/>\n<link rel=\"canonical\" href=\"https:\/\/tenerife-it.com\/es\/aviso-legal\/\" \/>\n<meta property=\"og:locale\" content=\"es_ES\" \/>\n<meta property=\"og:type\" content=\"article\" \/>\n<meta property=\"og:title\" content=\"Aviso legal - Tenerife IT - Simplifying Technology\" \/>\n<meta property=\"og:url\" content=\"https:\/\/tenerife-it.com\/es\/aviso-legal\/\" \/>\n<meta property=\"og:site_name\" content=\"Tenerife IT - Simplifying Technology\" \/>\n<meta property=\"article:publisher\" content=\"https:\/\/www.facebook.com\/Tenerifeit\" \/>\n<meta property=\"article:modified_time\" content=\"2025-08-25T10:27:42+00:00\" \/>\n<meta name=\"twitter:card\" content=\"summary_large_image\" \/>\n<script type=\"application\/ld+json\" class=\"yoast-schema-graph\">{\"@context\":\"https:\\\/\\\/schema.org\",\"@graph\":[{\"@type\":\"WebPage\",\"@id\":\"https:\\\/\\\/tenerife-it.com\\\/es\\\/aviso-legal\\\/\",\"url\":\"https:\\\/\\\/tenerife-it.com\\\/es\\\/aviso-legal\\\/\",\"name\":\"Aviso legal - Tenerife IT - Simplifying Technology\",\"isPartOf\":{\"@id\":\"https:\\\/\\\/tenerife-it.com\\\/es\\\/#website\"},\"datePublished\":\"2025-08-20T15:11:42+00:00\",\"dateModified\":\"2025-08-25T10:27:42+00:00\",\"breadcrumb\":{\"@id\":\"https:\\\/\\\/tenerife-it.com\\\/es\\\/aviso-legal\\\/#breadcrumb\"},\"inLanguage\":\"es\",\"potentialAction\":[{\"@type\":\"ReadAction\",\"target\":[\"https:\\\/\\\/tenerife-it.com\\\/es\\\/aviso-legal\\\/\"]}]},{\"@type\":\"BreadcrumbList\",\"@id\":\"https:\\\/\\\/tenerife-it.com\\\/es\\\/aviso-legal\\\/#breadcrumb\",\"itemListElement\":[{\"@type\":\"ListItem\",\"position\":1,\"name\":\"Startseite\",\"item\":\"https:\\\/\\\/tenerife-it.com\\\/es\\\/\"},{\"@type\":\"ListItem\",\"position\":2,\"name\":\"Aviso legal\"}]},{\"@type\":\"WebSite\",\"@id\":\"https:\\\/\\\/tenerife-it.com\\\/es\\\/#website\",\"url\":\"https:\\\/\\\/tenerife-it.com\\\/es\\\/\",\"name\":\"Tenerife IT - Simplifying Technology\",\"description\":\"IT Dienstleistungen auf Teneriffa und Weltweit\",\"publisher\":{\"@id\":\"https:\\\/\\\/tenerife-it.com\\\/es\\\/#organization\"},\"potentialAction\":[{\"@type\":\"SearchAction\",\"target\":{\"@type\":\"EntryPoint\",\"urlTemplate\":\"https:\\\/\\\/tenerife-it.com\\\/es\\\/?s={search_term_string}\"},\"query-input\":{\"@type\":\"PropertyValueSpecification\",\"valueRequired\":true,\"valueName\":\"search_term_string\"}}],\"inLanguage\":\"es\"},{\"@type\":\"Organization\",\"@id\":\"https:\\\/\\\/tenerife-it.com\\\/es\\\/#organization\",\"name\":\"Tenerife IT - Simplifying Technology\",\"url\":\"https:\\\/\\\/tenerife-it.com\\\/es\\\/\",\"logo\":{\"@type\":\"ImageObject\",\"inLanguage\":\"es\",\"@id\":\"https:\\\/\\\/tenerife-it.com\\\/es\\\/#\\\/schema\\\/logo\\\/image\\\/\",\"url\":\"https:\\\/\\\/tenerife-it.com\\\/wp-content\\\/uploads\\\/2025\\\/08\\\/tenerife-it-simplifying-technology.png\",\"contentUrl\":\"https:\\\/\\\/tenerife-it.com\\\/wp-content\\\/uploads\\\/2025\\\/08\\\/tenerife-it-simplifying-technology.png\",\"width\":350,\"height\":77,\"caption\":\"Tenerife IT - Simplifying Technology\"},\"image\":{\"@id\":\"https:\\\/\\\/tenerife-it.com\\\/es\\\/#\\\/schema\\\/logo\\\/image\\\/\"},\"sameAs\":[\"https:\\\/\\\/www.facebook.com\\\/Tenerifeit\"]}]}<\/script>\n<!-- \/ Yoast SEO plugin. -->","yoast_head_json":{"title":"Aviso legal - Tenerife IT - Simplifying Technology","robots":{"index":"index","follow":"follow","max-snippet":"max-snippet:-1","max-image-preview":"max-image-preview:large","max-video-preview":"max-video-preview:-1"},"canonical":"https:\/\/tenerife-it.com\/es\/aviso-legal\/","og_locale":"es_ES","og_type":"article","og_title":"Aviso legal - Tenerife IT - Simplifying Technology","og_url":"https:\/\/tenerife-it.com\/es\/aviso-legal\/","og_site_name":"Tenerife IT - Simplifying Technology","article_publisher":"https:\/\/www.facebook.com\/Tenerifeit","article_modified_time":"2025-08-25T10:27:42+00:00","twitter_card":"summary_large_image","schema":{"@context":"https:\/\/schema.org","@graph":[{"@type":"WebPage","@id":"https:\/\/tenerife-it.com\/es\/aviso-legal\/","url":"https:\/\/tenerife-it.com\/es\/aviso-legal\/","name":"Aviso legal - Tenerife IT - Simplifying Technology","isPartOf":{"@id":"https:\/\/tenerife-it.com\/es\/#website"},"datePublished":"2025-08-20T15:11:42+00:00","dateModified":"2025-08-25T10:27:42+00:00","breadcrumb":{"@id":"https:\/\/tenerife-it.com\/es\/aviso-legal\/#breadcrumb"},"inLanguage":"es","potentialAction":[{"@type":"ReadAction","target":["https:\/\/tenerife-it.com\/es\/aviso-legal\/"]}]},{"@type":"BreadcrumbList","@id":"https:\/\/tenerife-it.com\/es\/aviso-legal\/#breadcrumb","itemListElement":[{"@type":"ListItem","position":1,"name":"Startseite","item":"https:\/\/tenerife-it.com\/es\/"},{"@type":"ListItem","position":2,"name":"Aviso legal"}]},{"@type":"WebSite","@id":"https:\/\/tenerife-it.com\/es\/#website","url":"https:\/\/tenerife-it.com\/es\/","name":"Tenerife IT - Simplifying Technology","description":"IT Dienstleistungen auf Teneriffa und Weltweit","publisher":{"@id":"https:\/\/tenerife-it.com\/es\/#organization"},"potentialAction":[{"@type":"SearchAction","target":{"@type":"EntryPoint","urlTemplate":"https:\/\/tenerife-it.com\/es\/?s={search_term_string}"},"query-input":{"@type":"PropertyValueSpecification","valueRequired":true,"valueName":"search_term_string"}}],"inLanguage":"es"},{"@type":"Organization","@id":"https:\/\/tenerife-it.com\/es\/#organization","name":"Tenerife IT - Simplifying Technology","url":"https:\/\/tenerife-it.com\/es\/","logo":{"@type":"ImageObject","inLanguage":"es","@id":"https:\/\/tenerife-it.com\/es\/#\/schema\/logo\/image\/","url":"https:\/\/tenerife-it.com\/wp-content\/uploads\/2025\/08\/tenerife-it-simplifying-technology.png","contentUrl":"https:\/\/tenerife-it.com\/wp-content\/uploads\/2025\/08\/tenerife-it-simplifying-technology.png","width":350,"height":77,"caption":"Tenerife IT - Simplifying Technology"},"image":{"@id":"https:\/\/tenerife-it.com\/es\/#\/schema\/logo\/image\/"},"sameAs":["https:\/\/www.facebook.com\/Tenerifeit"]}]}},"_links":{"self":[{"href":"https:\/\/tenerife-it.com\/es\/wp-json\/wp\/v2\/pages\/441","targetHints":{"allow":["GET"]}}],"collection":[{"href":"https:\/\/tenerife-it.com\/es\/wp-json\/wp\/v2\/pages"}],"about":[{"href":"https:\/\/tenerife-it.com\/es\/wp-json\/wp\/v2\/types\/page"}],"author":[{"embeddable":true,"href":"https:\/\/tenerife-it.com\/es\/wp-json\/wp\/v2\/users\/1"}],"replies":[{"embeddable":true,"href":"https:\/\/tenerife-it.com\/es\/wp-json\/wp\/v2\/comments?post=441"}],"version-history":[{"count":1,"href":"https:\/\/tenerife-it.com\/es\/wp-json\/wp\/v2\/pages\/441\/revisions"}],"predecessor-version":[{"id":442,"href":"https:\/\/tenerife-it.com\/es\/wp-json\/wp\/v2\/pages\/441\/revisions\/442"}],"wp:attachment":[{"href":"https:\/\/tenerife-it.com\/es\/wp-json\/wp\/v2\/media?parent=441"}],"curies":[{"name":"wp","href":"https:\/\/api.w.org\/{rel}","templated":true}]}}