{"id":445,"date":"2025-08-20T15:17:28","date_gmt":"2025-08-20T15:17:28","guid":{"rendered":"https:\/\/tenerife-it.es\/cookies\/"},"modified":"2025-08-25T10:29:28","modified_gmt":"2025-08-25T10:29:28","slug":"cookies","status":"publish","type":"page","link":"https:\/\/tenerife-it.com\/es\/cookies\/","title":{"rendered":"Cookies"},"content":{"rendered":"<div class=\"et_pb_section_0 et_pb_section et_section_regular et_flex_section\">\n<div class=\"et_pb_row_0 et_pb_row et_flex_row\">\n<div class=\"et_pb_column_0 et_pb_column et-last-child et_flex_column et_pb_css_mix_blend_mode_passthrough et_flex_column_24_24 et_flex_column_24_24_tablet et_flex_column_24_24_phone\">\n<div class=\"et_pb_text_0 et_pb_text et_pb_bg_layout_light et_pb_module et_flex_module\"><div class=\"et_pb_text_inner\"><h1>POL\u00cdTICA DE COOKIES<\/h1>\n<h3>\u00bfQu\u00e9 son las Cookies?<\/h3>\n<p>Las cookies son peque\u00f1os archivos que se instalan en el terminal del USUARIO al visitar un sitio web con<br \/>\nla finalidad de almacenar datos que podr\u00e1n ser actualizados y recuperados por la entidad responsable de<br \/>\nsu instalaci\u00f3n.<\/p>\n<p>Si el USUARIO no se registra ni deja informaci\u00f3n personal en el sitio, el servidor tendr\u00e1 conocimiento de<br \/>\nque alguien con esa cookie regres\u00f3 al sitio web pero le ser\u00e1 imposible asociar la navegaci\u00f3n a un<br \/>\nUSUARIO concreto e identificado.<\/p>\n<h3>\u00bfQu\u00e9 clases de Cookies existen?<\/h3>\n<p>Las cookies, en funci\u00f3n de su caducidad, pueden clasificarse en cookies de sesi\u00f3n o permanentes. Las<br \/>\nprimeras expiran cuando el usuario cierra el navegador mientras que las segundas permanecen por un<br \/>\ntiempo superior durante el cual los datos siguen almacenados en el terminal y pueden ser accedidos y<br \/>\ntratados. <\/p>\n<p>Tambi\u00e9n se pueden distinguir seg\u00fan la entidad que gestione el equipo o dominio desde donde se env\u00edan<br \/>\nlas cookies y se traten los datos que se obtengan.<\/p>\n<ul>\n<li>Cookies propias. Son aqu\u00e9llas que se env\u00edan al equipo terminal del usuario desde un equipo o<br \/>\ndominio gestionado por el propio editor y desde el que se presta el servicio solicitado por el<br \/>\npropio usuario. <\/li>\n<li>Cookies de tercero. Son aqu\u00e9lla que son enviadas al equipo terminal del usuario desde un<br \/>\nequipo o domino que no es gestionado por el editor, sino por otra entidad que trata los datos<br \/>\nobtenidos a trav\u00e9s de las cookies. <\/li>\n<\/ul>\n<p>En funci\u00f3n de su objetivo podemos hablar de:<\/p>\n<ul>\n<li>Cookies t\u00e9cnicas. Permiten al usuario la navegaci\u00f3n a trav\u00e9s de una p\u00e1gina web, plataforma o<br \/>\naplicaci\u00f3n y la utilizaci\u00f3n de las diferentes opciones o servicios que en ella existan como, por<br \/>\nejemplo, controlar el tr\u00e1fico y la comunicaci\u00f3n de datos, identificar la sesi\u00f3n o realizar el proceso<br \/>\nde compra de un pedido. <\/li>\n<li>Cookies de personalizaci\u00f3n. Permiten al usuario acceder al servicio con algunas<br \/>\ncaracter\u00edsticas de car\u00e1cter general predefinidas en funci\u00f3n de una serie de criterios en el<br \/>\nterminal del usuario como por ejemplo el idioma o el tipo de navegador. <\/li>\n<li>Cookies anal\u00edticas. Permiten al responsable de las mismas, el seguimiento y an\u00e1lisis del<br \/>\ncomportamiento de los usuarios de los sitios web a los que est\u00e1n vinculadas. La informaci\u00f3n<br \/>\nrecabada se utiliza en la medici\u00f3n de la actividad de los sitios web, aplicaci\u00f3n o plataforma y para<br \/>\nla elaboraci\u00f3n de perfiles de navegaci\u00f3n de los usuarios de dichos sitios, aplicaciones y<br \/>\nplataformas, con el fin de introducir mejoras en funci\u00f3n del an\u00e1lisis de los datos que hacen los<br \/>\nusuarios del servicio.  <\/li>\n<li>Cookies publicitarias. Permiten la gesti\u00f3n, de la forma m\u00e1s eficaz posible de los espacios<br \/>\npublicitarios que, en su caso, el editor haya incluido en una p\u00e1gina web, aplicaci\u00f3n o plataforma<br \/>\ndesde la que presta el servicio solicitado en base a criterios como el contenido editado o la<br \/>\nfrecuencia en la que se muestran los anuncios. <\/li>\n<li>Cookies de publicidad \u00f3 comportamental: Permiten la gesti\u00f3n, de la forma m\u00e1s eficaz<br \/>\nposible, de los espacios publicitarios que, en su caso, el editor haya incluido en una p\u00e1gina web,<br \/>\naplicaci\u00f3n o plataforma desde la que presta el servicio solicitado. Almacenan informaci\u00f3n del<br \/>\ncomportamiento de los usuarios obtenida a trav\u00e9s de la observaci\u00f3n continuada de sus h\u00e1bitos de<br \/>\nnavegaci\u00f3n, lo que permite desarrollar un perfil espec\u00edfico para mostrar publicidad en funci\u00f3n del<br \/>\nmismo. <\/li>\n<\/ul>\n<h3>\u00bfQu\u00e9 Cookies usa el sitio Web de HOLGER GRAU?<\/h3>\n<p>Se instala a trav\u00e9s de este sitio web las cookies que a continuaci\u00f3n se describen:<\/p>\n<table>\n<tbody>\n<tr>\n<td>Nombre<\/td>\n<td>Servidor de Env\u00edo<\/td>\n<td>Finalidad<\/td>\n<td>Caducidad<\/td>\n<\/tr>\n<tr>\n<td>_ga<\/td>\n<td>.tenerife-it.com<\/td>\n<td>Esta cookie permite distinguir a los Usuarios que navegan por<br \/>\nel sitio web, pero sin que, en ning\u00fan caso, nos permita<br \/>\nconocer la identidad de los mismos.<\/td>\n<td>2 A\u00d1OS<\/td>\n<\/tr>\n<tr>\n<td>_gid<\/td>\n<td>.tenerife-it.com<\/td>\n<td>Se genera de forma autom\u00e1tica de forma transparente para la<br \/>\nWeb debido a ciertos c\u00f3digos de medici\u00f3n o terceros<\/td>\n<td>48 HORAS<\/td>\n<\/tr>\n<\/tbody>\n<\/table>\n<h3>C\u00f3mo desactivar o eliminar Cookies<\/h3>\n<p>El USUARIO podr\u00e1 configurar su navegador para que no se le instalen cookies o para recibir un aviso en<br \/>\npantalla cada vez que una cookie quiera instalarse, pudiendo decidir en cada momento si la quiere<br \/>\naceptar o no. Igualmente el usuario podr\u00e1 decidir posteriormente eliminar las cookies que tenga<br \/>\ninstaladas cambiando la configuraci\u00f3n de su navegador o elimin\u00e1ndolas manualmente a trav\u00e9s del<br \/>\nmismo. Tenga en cuenta que la eliminaci\u00f3n de las cookies puede suponer una disminuci\u00f3n en la calidad o<br \/>\nen las funcionalidades de la p\u00e1gina web. <\/p>\n<p>Pulse sobre el nombre de su navegador para obtener mayor informaci\u00f3n sobre el mismo:<\/p>\n<ul>\n<li><a href=\"https:\/\/support.google.com\/chrome\/answer\/95647?hl=es\" target=\"_blank\" rel=\"noopener noreferrer\">Google Chrome<\/a><\/li>\n<li><a href=\"https:\/\/support.apple.com\/es-es\/HT201265\" target=\"_blank\" rel=\"noopener noreferrer\">Safari<\/a><\/li>\n<li><a href=\"https:\/\/support.mozilla.org\/es\/kb\/cookies-informacion-que-los-sitios-web-guardan-en-\" target=\"_blank\" rel=\"noopener noreferrer\">Mozilla Firefox<\/a><\/li>\n<li><a href=\"https:\/\/support.microsoft.com\/de-de\/help\/17442\/windows-internet-explorer-delete-manage-cookies#ie=ie-10\" target=\"_blank\" rel=\"noopener noreferrer\">Internet Explorer<\/a><\/li>\n<\/ul>\n<p>OZONIA Consultores S L \u2013 CIF B11490083<br \/>\nC\/ Algeciras 1 \u00b7 Edificio Fenicia \u00b7 11011 C\u00e1diz \u00b7 SPAIN<br \/>\nTEL 900.804.535 \u00b7 FAX 902.946.254 \u00b7 comercial@ozonia.es \u00b7 www.ozonia.es<\/p>\n<\/div><\/div>\n<\/div>\n<\/div>\n<\/div>","protected":false},"excerpt":{"rendered":"","protected":false},"author":1,"featured_media":0,"parent":0,"menu_order":0,"comment_status":"closed","ping_status":"closed","template":"","meta":{"footnotes":""},"class_list":["post-445","page","type-page","status-publish","hentry"],"yoast_head":"<!-- This site is optimized with the Yoast SEO plugin v27.5 - https:\/\/yoast.com\/product\/yoast-seo-wordpress\/ -->\n<title>Cookies - Tenerife IT - Simplifying Technology<\/title>\n<meta name=\"robots\" content=\"index, follow, max-snippet:-1, max-image-preview:large, max-video-preview:-1\" \/>\n<link rel=\"canonical\" href=\"https:\/\/tenerife-it.com\/es\/cookies\/\" \/>\n<meta property=\"og:locale\" content=\"es_ES\" \/>\n<meta property=\"og:type\" content=\"article\" \/>\n<meta property=\"og:title\" content=\"Cookies - Tenerife IT - Simplifying Technology\" \/>\n<meta property=\"og:url\" content=\"https:\/\/tenerife-it.com\/es\/cookies\/\" \/>\n<meta property=\"og:site_name\" content=\"Tenerife IT - Simplifying Technology\" \/>\n<meta property=\"article:publisher\" content=\"https:\/\/www.facebook.com\/Tenerifeit\" \/>\n<meta property=\"article:modified_time\" content=\"2025-08-25T10:29:28+00:00\" \/>\n<meta name=\"twitter:card\" content=\"summary_large_image\" \/>\n<script type=\"application\/ld+json\" class=\"yoast-schema-graph\">{\"@context\":\"https:\\\/\\\/schema.org\",\"@graph\":[{\"@type\":\"WebPage\",\"@id\":\"https:\\\/\\\/tenerife-it.com\\\/es\\\/cookies\\\/\",\"url\":\"https:\\\/\\\/tenerife-it.com\\\/es\\\/cookies\\\/\",\"name\":\"Cookies - Tenerife IT - Simplifying Technology\",\"isPartOf\":{\"@id\":\"https:\\\/\\\/tenerife-it.com\\\/es\\\/#website\"},\"datePublished\":\"2025-08-20T15:17:28+00:00\",\"dateModified\":\"2025-08-25T10:29:28+00:00\",\"breadcrumb\":{\"@id\":\"https:\\\/\\\/tenerife-it.com\\\/es\\\/cookies\\\/#breadcrumb\"},\"inLanguage\":\"es\",\"potentialAction\":[{\"@type\":\"ReadAction\",\"target\":[\"https:\\\/\\\/tenerife-it.com\\\/es\\\/cookies\\\/\"]}]},{\"@type\":\"BreadcrumbList\",\"@id\":\"https:\\\/\\\/tenerife-it.com\\\/es\\\/cookies\\\/#breadcrumb\",\"itemListElement\":[{\"@type\":\"ListItem\",\"position\":1,\"name\":\"Startseite\",\"item\":\"https:\\\/\\\/tenerife-it.com\\\/es\\\/\"},{\"@type\":\"ListItem\",\"position\":2,\"name\":\"Cookies\"}]},{\"@type\":\"WebSite\",\"@id\":\"https:\\\/\\\/tenerife-it.com\\\/es\\\/#website\",\"url\":\"https:\\\/\\\/tenerife-it.com\\\/es\\\/\",\"name\":\"Tenerife IT - Simplifying Technology\",\"description\":\"IT Dienstleistungen auf Teneriffa und Weltweit\",\"publisher\":{\"@id\":\"https:\\\/\\\/tenerife-it.com\\\/es\\\/#organization\"},\"potentialAction\":[{\"@type\":\"SearchAction\",\"target\":{\"@type\":\"EntryPoint\",\"urlTemplate\":\"https:\\\/\\\/tenerife-it.com\\\/es\\\/?s={search_term_string}\"},\"query-input\":{\"@type\":\"PropertyValueSpecification\",\"valueRequired\":true,\"valueName\":\"search_term_string\"}}],\"inLanguage\":\"es\"},{\"@type\":\"Organization\",\"@id\":\"https:\\\/\\\/tenerife-it.com\\\/es\\\/#organization\",\"name\":\"Tenerife IT - Simplifying Technology\",\"url\":\"https:\\\/\\\/tenerife-it.com\\\/es\\\/\",\"logo\":{\"@type\":\"ImageObject\",\"inLanguage\":\"es\",\"@id\":\"https:\\\/\\\/tenerife-it.com\\\/es\\\/#\\\/schema\\\/logo\\\/image\\\/\",\"url\":\"https:\\\/\\\/tenerife-it.com\\\/wp-content\\\/uploads\\\/2025\\\/08\\\/tenerife-it-simplifying-technology.png\",\"contentUrl\":\"https:\\\/\\\/tenerife-it.com\\\/wp-content\\\/uploads\\\/2025\\\/08\\\/tenerife-it-simplifying-technology.png\",\"width\":350,\"height\":77,\"caption\":\"Tenerife IT - Simplifying Technology\"},\"image\":{\"@id\":\"https:\\\/\\\/tenerife-it.com\\\/es\\\/#\\\/schema\\\/logo\\\/image\\\/\"},\"sameAs\":[\"https:\\\/\\\/www.facebook.com\\\/Tenerifeit\"]}]}<\/script>\n<!-- \/ Yoast SEO plugin. -->","yoast_head_json":{"title":"Cookies - Tenerife IT - Simplifying Technology","robots":{"index":"index","follow":"follow","max-snippet":"max-snippet:-1","max-image-preview":"max-image-preview:large","max-video-preview":"max-video-preview:-1"},"canonical":"https:\/\/tenerife-it.com\/es\/cookies\/","og_locale":"es_ES","og_type":"article","og_title":"Cookies - Tenerife IT - Simplifying Technology","og_url":"https:\/\/tenerife-it.com\/es\/cookies\/","og_site_name":"Tenerife IT - Simplifying Technology","article_publisher":"https:\/\/www.facebook.com\/Tenerifeit","article_modified_time":"2025-08-25T10:29:28+00:00","twitter_card":"summary_large_image","schema":{"@context":"https:\/\/schema.org","@graph":[{"@type":"WebPage","@id":"https:\/\/tenerife-it.com\/es\/cookies\/","url":"https:\/\/tenerife-it.com\/es\/cookies\/","name":"Cookies - Tenerife IT - Simplifying Technology","isPartOf":{"@id":"https:\/\/tenerife-it.com\/es\/#website"},"datePublished":"2025-08-20T15:17:28+00:00","dateModified":"2025-08-25T10:29:28+00:00","breadcrumb":{"@id":"https:\/\/tenerife-it.com\/es\/cookies\/#breadcrumb"},"inLanguage":"es","potentialAction":[{"@type":"ReadAction","target":["https:\/\/tenerife-it.com\/es\/cookies\/"]}]},{"@type":"BreadcrumbList","@id":"https:\/\/tenerife-it.com\/es\/cookies\/#breadcrumb","itemListElement":[{"@type":"ListItem","position":1,"name":"Startseite","item":"https:\/\/tenerife-it.com\/es\/"},{"@type":"ListItem","position":2,"name":"Cookies"}]},{"@type":"WebSite","@id":"https:\/\/tenerife-it.com\/es\/#website","url":"https:\/\/tenerife-it.com\/es\/","name":"Tenerife IT - Simplifying Technology","description":"IT Dienstleistungen auf Teneriffa und Weltweit","publisher":{"@id":"https:\/\/tenerife-it.com\/es\/#organization"},"potentialAction":[{"@type":"SearchAction","target":{"@type":"EntryPoint","urlTemplate":"https:\/\/tenerife-it.com\/es\/?s={search_term_string}"},"query-input":{"@type":"PropertyValueSpecification","valueRequired":true,"valueName":"search_term_string"}}],"inLanguage":"es"},{"@type":"Organization","@id":"https:\/\/tenerife-it.com\/es\/#organization","name":"Tenerife IT - Simplifying Technology","url":"https:\/\/tenerife-it.com\/es\/","logo":{"@type":"ImageObject","inLanguage":"es","@id":"https:\/\/tenerife-it.com\/es\/#\/schema\/logo\/image\/","url":"https:\/\/tenerife-it.com\/wp-content\/uploads\/2025\/08\/tenerife-it-simplifying-technology.png","contentUrl":"https:\/\/tenerife-it.com\/wp-content\/uploads\/2025\/08\/tenerife-it-simplifying-technology.png","width":350,"height":77,"caption":"Tenerife IT - Simplifying Technology"},"image":{"@id":"https:\/\/tenerife-it.com\/es\/#\/schema\/logo\/image\/"},"sameAs":["https:\/\/www.facebook.com\/Tenerifeit"]}]}},"_links":{"self":[{"href":"https:\/\/tenerife-it.com\/es\/wp-json\/wp\/v2\/pages\/445","targetHints":{"allow":["GET"]}}],"collection":[{"href":"https:\/\/tenerife-it.com\/es\/wp-json\/wp\/v2\/pages"}],"about":[{"href":"https:\/\/tenerife-it.com\/es\/wp-json\/wp\/v2\/types\/page"}],"author":[{"embeddable":true,"href":"https:\/\/tenerife-it.com\/es\/wp-json\/wp\/v2\/users\/1"}],"replies":[{"embeddable":true,"href":"https:\/\/tenerife-it.com\/es\/wp-json\/wp\/v2\/comments?post=445"}],"version-history":[{"count":1,"href":"https:\/\/tenerife-it.com\/es\/wp-json\/wp\/v2\/pages\/445\/revisions"}],"predecessor-version":[{"id":446,"href":"https:\/\/tenerife-it.com\/es\/wp-json\/wp\/v2\/pages\/445\/revisions\/446"}],"wp:attachment":[{"href":"https:\/\/tenerife-it.com\/es\/wp-json\/wp\/v2\/media?parent=445"}],"curies":[{"name":"wp","href":"https:\/\/api.w.org\/{rel}","templated":true}]}}